{"id":172,"date":"2021-07-29T14:53:40","date_gmt":"2021-07-29T12:53:40","guid":{"rendered":"https:\/\/businessstartup.liquid-themes.com\/elementor\/?page_id=172"},"modified":"2023-01-29T17:57:23","modified_gmt":"2023-01-29T16:57:23","slug":"kontakt","status":"publish","type":"page","link":"https:\/\/mobilni-kancelar.cz\/index.php\/kontakt\/","title":{"rendered":"Kontakt"},"content":{"rendered":"\t\t<div data-elementor-type=\"wp-page\" data-elementor-id=\"172\" class=\"elementor elementor-172\">\n\t\t\t\t\t\t\t\t\t<section class=\"elementor-section elementor-top-section elementor-element elementor-element-b6c333a elementor-section-boxed elementor-section-height-default elementor-section-height-default\" data-id=\"b6c333a\" data-element_type=\"section\" data-settings=\"{&quot;background_background&quot;:&quot;gradient&quot;,&quot;shape_divider_bottom&quot;:&quot;curve&quot;,&quot;shape_divider_bottom_negative&quot;:&quot;yes&quot;}\">\n\t\t\t\t\t<div class=\"elementor-shape elementor-shape-bottom\" data-negative=\"true\">\n\t\t\t<svg xmlns=\"http:\/\/www.w3.org\/2000\/svg\" viewBox=\"0 0 1000 100\" preserveAspectRatio=\"none\">\n\t<path class=\"elementor-shape-fill\" d=\"M500,97C126.7,96.3,0.8,19.8,0,0v100l1000,0V1C1000,19.4,873.3,97.8,500,97z\"\/>\n<\/svg>\t\t<\/div>\n\t\t\t\t\t<div class=\"elementor-container elementor-column-gap-default\">\n\t\t\t\t\t<div class=\"elementor-column elementor-col-100 elementor-top-column elementor-element elementor-element-e98e0e2\" data-id=\"e98e0e2\" data-element_type=\"column\">\n\t\t\t<div class=\"elementor-widget-wrap elementor-element-populated\">\n\t\t\t\t\t\t\t\t<section class=\"elementor-section elementor-inner-section elementor-element elementor-element-76f6b79 elementor-section-boxed elementor-section-height-default elementor-section-height-default\" data-id=\"76f6b79\" data-element_type=\"section\">\n\t\t\t\t\t\t<div class=\"elementor-container elementor-column-gap-default\">\n\t\t\t\t\t<div class=\"elementor-column elementor-col-100 elementor-inner-column elementor-element elementor-element-7cb4078\" data-id=\"7cb4078\" data-element_type=\"column\">\n\t\t\t<div class=\"elementor-widget-wrap elementor-element-populated\">\n\t\t\t\t\t\t\t\t<div class=\"elementor-element elementor-element-7d50e52 elementor-widget elementor-widget-hub_fancy_heading\" data-id=\"7d50e52\" data-element_type=\"widget\" data-widget_type=\"hub_fancy_heading.default\">\n\t\t\t\t<div class=\"elementor-widget-container\">\n\t\t\t\n\t\t<div id=\"ld-fancy-heading-69d027a76f993\" class=\"ld-fancy-heading pos-rel\">\n\t\t\t<h1 class=\"ld-fh-element d-inline-block pos-rel  elementor-heading-title lqd-highlight-classic lqd-highlight-grow-left h1\"  > Kontakt \nna n\u00e1s<\/h1>\t\t<\/div>\n\n\t\t\t\t<\/div>\n\t\t\t\t<\/div>\n\t\t\t\t<div class=\"elementor-element elementor-element-8c828da elementor-widget elementor-widget-hub_fancy_heading\" data-id=\"8c828da\" data-element_type=\"widget\" data-widget_type=\"hub_fancy_heading.default\">\n\t\t\t\t<div class=\"elementor-widget-container\">\n\t\t\t\n\t\t<div id=\"ld-fancy-heading-69d027a7704b6\" class=\"ld-fancy-heading pos-rel\">\n\t\t\t<p class=\"ld-fh-element d-inline-block pos-rel  lqd-highlight-classic lqd-highlight-grow-left p\"  > L\u00edb\u00ed se V\u00e1m n\u00e1\u0161 produkt a chce se na n\u011bco zeptat?<\/p>\t\t<\/div>\n\n\t\t\t\t<\/div>\n\t\t\t\t<\/div>\n\t\t\t\t<div class=\"elementor-element elementor-element-5e296de elementor-widget elementor-widget-ld_button\" data-id=\"5e296de\" data-element_type=\"widget\" data-widget_type=\"ld_button.default\">\n\t\t\t\t<div class=\"elementor-widget-container\">\n\t\t\t\n\t\t<a  href=\"#\" class=\"elementor-button btn ws-nowrap btn-naked btn-icon-block btn-no-label\" data-localscroll=\"true\" data-localscroll-options=\"{&quot;scrollBelowSection&quot;:true}\" >\n\t\t\t\t\t\t\t\t\t\t\t<span class=\"btn-icon\">\n\t\t\t\t\t\t<i aria-hidden=\"true\" class=\"lqd-icn-ess icon-ion-ios-arrow-down\"><\/i>\t\t\t\t\t<\/span>\n\t\t\t\t\t\t\t<\/a>\n\n\t\t\t\t<\/div>\n\t\t\t\t<\/div>\n\t\t\t\t\t<\/div>\n\t\t<\/div>\n\t\t\t\t\t\t\t<\/div>\n\t\t<\/section>\n\t\t\t\t<div data-parallax=\"true\" data-parallax-options=\"{&quot;ease&quot;:[&quot;linear&quot;],&quot;start&quot;:&quot;top bottom&quot;,&quot;end&quot;:&quot;bottom+=0px top&quot;}\" data-parallax-from=\"{&quot;y&quot;:&quot;-200px&quot;}\" data-parallax-to=\"{&quot;y&quot;:&quot;130px&quot;}\" class=\"elementor-element elementor-element-a17df50 elementor-widget__width-initial elementor-absolute elementor-widget elementor-widget-ld_fancy_image\" data-id=\"a17df50\" data-element_type=\"widget\" data-settings=\"{&quot;_position&quot;:&quot;absolute&quot;}\" data-widget_type=\"ld_fancy_image.default\">\n\t\t\t\t<div class=\"elementor-widget-container\">\n\t\t\t\n\t\t\t<div class=\"lqd-imggrp-single d-block pos-rel\"   >\n\t\t\t\t\n\t\t\t<div class=\"lqd-imggrp-img-container d-inline-flex pos-rel align-items-center justify-content-center\">\n\t\t\t\t\t\t\t\t<figure class=\"w-100 pos-rel\"   >\n\t\t\t\t\t<img decoding=\"async\" width=\"1523\" height=\"1560\" src=\"https:\/\/mobilni-kancelar.cz\/wp-content\/uploads\/2021\/07\/blob-9@2x1.png\" class=\"attachment-full size-full wp-image-184\" alt=\"\" srcset=\"https:\/\/mobilni-kancelar.cz\/wp-content\/uploads\/2021\/07\/blob-9@2x1.png 1523w, https:\/\/mobilni-kancelar.cz\/wp-content\/uploads\/2021\/07\/blob-9@2x1-293x300.png 293w, https:\/\/mobilni-kancelar.cz\/wp-content\/uploads\/2021\/07\/blob-9@2x1-1000x1024.png 1000w, https:\/\/mobilni-kancelar.cz\/wp-content\/uploads\/2021\/07\/blob-9@2x1-1500x1536.png 1500w, https:\/\/mobilni-kancelar.cz\/wp-content\/uploads\/2021\/07\/blob-9@2x1-600x615.png 600w\" sizes=\"(max-width: 1523px) 100vw, 1523px\" itemprop=\"image\" \/>\t\t\t\t\t\t\t\t\t\t\t\t\t\t\t\t\t\t\t\t\t\t\t\t\t\t\t\t\t<\/figure>\n\t\t\t\t\t\n\t\t\t<\/div>\n\t\t<\/div>\n\n\t\t\t<\/div>\n\t\t\t\t<\/div>\n\t\t\t\t\t<\/div>\n\t\t<\/div>\n\t\t\t\t\t\t\t<\/div>\n\t\t<\/section>\n\t\t\t\t<section class=\"elementor-section elementor-top-section elementor-element elementor-element-580e201 elementor-section-boxed elementor-section-height-default elementor-section-height-default\" data-id=\"580e201\" data-element_type=\"section\">\n\t\t\t\t\t\t<div class=\"elementor-container elementor-column-gap-default\">\n\t\t\t\t\t<div data-custom-animations=\"true\" data-ca-options=\"{&quot;addChildTimelines&quot;:false,&quot;animationTarget&quot;:&quot;:scope &gt; .elementor-widget-wrap &gt; .elementor-element &gt; .elementor-widget-container, :scope &gt; .elementor-widget-wrap &gt; .elementor-section &gt; .elementor-container &gt; .elementor-column &gt; .elementor-widget-wrap &gt; .elementor-element:not(.lqd-el-has-inner-anim) &gt; .elementor-widget-container, :scope &gt; .elementor-widget-wrap &gt; .elementor-widget-hub_fancy_heading .lqd-split-lines .lqd-lines .split-inner, :scope &gt; .elementor-widget-wrap &gt; .elementor-widget-hub_fancy_heading .lqd-split-words .lqd-words .split-inner, :scope &gt; .elementor-widget-wrap &gt; .elementor-widget-hub_fancy_heading .lqd-split-chars .lqd-chars .split-inner, :scope &gt; .elementor-widget-wrap &gt; .elementor-widget-ld_custom_menu .lqd-fancy-menu &gt; ul &gt; li&quot;,&quot;ease&quot;:[&quot;power4.out&quot;],&quot;initValues&quot;:{&quot;y&quot;:&quot;35px&quot;,&quot;opacity&quot;:0},&quot;animations&quot;:{&quot;y&quot;:&quot;0px&quot;,&quot;opacity&quot;:1}}\" class=\"elementor-column elementor-col-50 elementor-top-column elementor-element elementor-element-86cf274\" data-id=\"86cf274\" data-element_type=\"column\">\n\t\t\t<div class=\"elementor-widget-wrap elementor-element-populated\">\n\t\t\t\t\t\t\t\t<div class=\"elementor-element elementor-element-2eb99ad elementor-widget elementor-widget-ld_typewriter\" data-id=\"2eb99ad\" data-element_type=\"widget\" data-widget_type=\"ld_typewriter.default\">\n\t\t\t\t<div class=\"elementor-widget-container\">\n\t\t\t\n        <div id=\"lqd-tw-2eb99ad\" class=\"lqd-tw\">\n            <h2 class=\"lqd-tw-el my-0\" data-typewriter=\"true\">\n                Va\u0161e ot\u00e1zky zodpov\u00ed Petr Ml\u010dek            <\/h2>\n        <\/div>\n        \n        \t\t<\/div>\n\t\t\t\t<\/div>\n\t\t\t\t<div class=\"elementor-element elementor-element-d6df163 elementor-widget elementor-widget-hub_fancy_heading\" data-id=\"d6df163\" data-element_type=\"widget\" data-widget_type=\"hub_fancy_heading.default\">\n\t\t\t\t<div class=\"elementor-widget-container\">\n\t\t\t\n\t\t<div id=\"ld-fancy-heading-69d027a7763e0\" class=\"ld-fancy-heading pos-rel\">\n\t\t\t<p class=\"ld-fh-element d-inline-block pos-rel  lqd-highlight-classic lqd-highlight-grow-left p\"  > Obchodn\u00ed z\u00e1stupce Mobiln\u00ed kancel\u00e1\u0159e<\/p>\t\t<\/div>\n\n\t\t\t\t<\/div>\n\t\t\t\t<\/div>\n\t\t\t\t<div class=\"elementor-element elementor-element-450b87a elementor-align-left elementor-widget elementor-widget-ld_icon_box\" data-id=\"450b87a\" data-element_type=\"widget\" data-widget_type=\"ld_icon_box.default\">\n\t\t\t\t<div class=\"elementor-widget-container\">\n\t\t\t\n\t\t\t<div id=\"ld_icon_box_450b87a\" class=\"iconbox d-flex flex-grow-1 pos-rel flex-wrap align-items-center iconbox-inline\"   >\n\t\t\t\t\n\t\t\t\t\t\n\t\t\t\t\n\t\t\t\t<div class=\"iconbox-icon-wrap  \"><div class=\"iconbox-icon-container d-inline-flex   \"><i aria-hidden=\"true\" class=\"fas fa-envelope\"><\/i><\/div><\/div>\t\t\t\t\n\t\t\t\t<h3 class=\"lqd-iconbox-heading \" >petr@mlcek.net <\/h3>\t\t\t\t\n\t\t\t\t\t\t\t\t\n\t\t\t\t\t\t\t\t\n\t\t\t\t\t\t\t\t<p><\/p>\n\t\t\t\t\t\t\t\t\n\t\t\t\t\t\t\t\t\n\t\t\t\t\n\t\t\t<\/div>\n\n\t\t\t\t<\/div>\n\t\t\t\t<\/div>\n\t\t\t\t<div class=\"elementor-element elementor-element-59df793 elementor-align-left elementor-widget elementor-widget-ld_icon_box\" data-id=\"59df793\" data-element_type=\"widget\" data-widget_type=\"ld_icon_box.default\">\n\t\t\t\t<div class=\"elementor-widget-container\">\n\t\t\t\n\t\t\t<div id=\"ld_icon_box_59df793\" class=\"iconbox d-flex flex-grow-1 pos-rel flex-wrap align-items-center iconbox-inline\"   >\n\t\t\t\t\n\t\t\t\t\t\n\t\t\t\t\n\t\t\t\t<div class=\"iconbox-icon-wrap  \"><div class=\"iconbox-icon-container d-inline-flex   \"><i aria-hidden=\"true\" class=\"fas fa-mobile\"><\/i><\/div><\/div>\t\t\t\t\n\t\t\t\t<h3 class=\"lqd-iconbox-heading \" >+420 777 666 555 <\/h3>\t\t\t\t\n\t\t\t\t\t\t\t\t\n\t\t\t\t\t\t\t\t\n\t\t\t\t\t\t\t\t<p><\/p>\n\t\t\t\t\t\t\t\t\n\t\t\t\t\t\t\t\t\n\t\t\t\t\n\t\t\t<\/div>\n\n\t\t\t\t<\/div>\n\t\t\t\t<\/div>\n\t\t\t\t<div class=\"elementor-element elementor-element-a4fbb8b elementor-widget elementor-widget-heading\" data-id=\"a4fbb8b\" data-element_type=\"widget\" data-widget_type=\"heading.default\">\n\t\t\t\t<div class=\"elementor-widget-container\">\n\t\t\t<style>\/*! elementor - v3.10.2 - 29-01-2023 *\/\n.elementor-heading-title{padding:0;margin:0;line-height:1}.elementor-widget-heading .elementor-heading-title[class*=elementor-size-]>a{color:inherit;font-size:inherit;line-height:inherit}.elementor-widget-heading .elementor-heading-title.elementor-size-small{font-size:15px}.elementor-widget-heading .elementor-heading-title.elementor-size-medium{font-size:19px}.elementor-widget-heading .elementor-heading-title.elementor-size-large{font-size:29px}.elementor-widget-heading .elementor-heading-title.elementor-size-xl{font-size:39px}.elementor-widget-heading .elementor-heading-title.elementor-size-xxl{font-size:59px}<\/style><p class=\"elementor-heading-title elementor-size-small\">Fyzick\u00e1 osoba podnikaj\u00edc\u00ed dle \u017eivnostensk\u00e9ho z\u00e1kona nezapsan\u00e1 v obchodn\u00edm rejst\u0159\u00edku. Nejsem pl\u00e1tce DPH.<br><br>I\u010c: 123456789<\/p>\t\t<\/div>\n\t\t\t\t<\/div>\n\t\t\t\t\t<\/div>\n\t\t<\/div>\n\t\t\t\t<div class=\"elementor-column elementor-col-50 elementor-top-column elementor-element elementor-element-dde108a\" data-id=\"dde108a\" data-element_type=\"column\">\n\t\t\t<div class=\"elementor-widget-wrap elementor-element-populated\">\n\t\t\t\t\t\t\t\t<section data-custom-animations=\"true\" data-ca-options=\"{&quot;addChildTimelines&quot;:false,&quot;animationTarget&quot;:&quot;:scope &gt; .elementor-container &gt; .elementor-column&quot;,&quot;ease&quot;:[&quot;power4.out&quot;],&quot;initValues&quot;:{&quot;y&quot;:&quot;35px&quot;,&quot;opacity&quot;:0},&quot;animations&quot;:{&quot;y&quot;:&quot;0px&quot;,&quot;opacity&quot;:1}}\" class=\"elementor-section elementor-inner-section elementor-element elementor-element-996c41b elementor-section-boxed elementor-section-height-default elementor-section-height-default\" data-id=\"996c41b\" data-element_type=\"section\" data-settings=\"{&quot;background_background&quot;:&quot;classic&quot;}\">\n\t\t\t\t\t\t<div class=\"elementor-container elementor-column-gap-default\">\n\t\t\t\t\t<div class=\"elementor-column elementor-col-100 elementor-inner-column elementor-element elementor-element-3950597\" data-id=\"3950597\" data-element_type=\"column\">\n\t\t\t<div class=\"elementor-widget-wrap elementor-element-populated\">\n\t\t\t\t\t\t\t\t<div class=\"elementor-element elementor-element-def212f elementor-widget elementor-widget-hub_fancy_heading\" data-id=\"def212f\" data-element_type=\"widget\" data-widget_type=\"hub_fancy_heading.default\">\n\t\t\t\t<div class=\"elementor-widget-container\">\n\t\t\t\n\t\t<div id=\"ld-fancy-heading-69d027a77f4f5\" class=\"ld-fancy-heading pos-rel\">\n\t\t\t<h6 class=\"ld-fh-element d-inline-block pos-rel  elementor-heading-title lqd-highlight-classic lqd-highlight-grow-left h6\"  > Zeptejte se. Odpov\u00edme do 24 hodin.<\/h6>\t\t<\/div>\n\n\t\t\t\t<\/div>\n\t\t\t\t<\/div>\n\t\t\t\t<div class=\"elementor-element elementor-element-4b457bf elementor-widget elementor-widget-ld_cf722\" data-id=\"4b457bf\" data-element_type=\"widget\" data-widget_type=\"ld_cf722.default\">\n\t\t\t\t<div class=\"elementor-widget-container\">\n\t\t\t\n\t<div class=\"lqd-contact-form lqd-contact-form-inputs-filled lqd-contact-form-button-block lqd-contact-form-button-lg lqd-contact-form-button-round\" >\n\t\t\n<div class=\"wpcf7 no-js\" id=\"wpcf7-f171-o1\" lang=\"en-US\" dir=\"ltr\">\n<div class=\"screen-reader-response\"><p role=\"status\" aria-live=\"polite\" aria-atomic=\"true\"><\/p> <ul><\/ul><\/div>\n<form action=\"\/index.php\/wp-json\/wp\/v2\/pages\/172#wpcf7-f171-o1\" method=\"post\" class=\"wpcf7-form init\" aria-label=\"Contact form\" novalidate=\"novalidate\" data-status=\"init\">\n<div style=\"display: none;\">\n<input type=\"hidden\" name=\"_wpcf7\" value=\"171\" \/>\n<input type=\"hidden\" name=\"_wpcf7_version\" value=\"5.7.5.1\" \/>\n<input type=\"hidden\" name=\"_wpcf7_locale\" value=\"en_US\" \/>\n<input type=\"hidden\" name=\"_wpcf7_unit_tag\" value=\"wpcf7-f171-o1\" \/>\n<input type=\"hidden\" name=\"_wpcf7_container_post\" value=\"0\" \/>\n<input type=\"hidden\" name=\"_wpcf7_posted_data_hash\" value=\"\" \/>\n<\/div>\n<p><span class=\"wpcf7-form-control-wrap\" data-name=\"name-775\"><input size=\"40\" class=\"wpcf7-form-control wpcf7-text wpcf7-validates-as-required\" aria-required=\"true\" aria-invalid=\"false\" placeholder=\"Va\u0161e jm\u00e9no\" value=\"\" type=\"text\" name=\"name-775\" \/><\/span><span class=\"wpcf7-form-control-wrap\" data-name=\"email-550\"><input size=\"40\" class=\"wpcf7-form-control wpcf7-text wpcf7-email wpcf7-validates-as-required wpcf7-validates-as-email\" aria-required=\"true\" aria-invalid=\"false\" placeholder=\"Va\u0161e emailov\u00e1 adresa\" value=\"\" type=\"email\" name=\"email-550\" \/><\/span><span class=\"wpcf7-form-control-wrap\" data-name=\"subject-312\"><input size=\"40\" class=\"wpcf7-form-control wpcf7-text\" aria-invalid=\"false\" placeholder=\"Spole\u010dnost\" value=\"\" type=\"text\" name=\"subject-312\" \/><\/span><span class=\"wpcf7-form-control-wrap\" data-name=\"message-138\"><textarea cols=\"10\" rows=\"4\" class=\"wpcf7-form-control wpcf7-textarea wpcf7-validates-as-required\" aria-required=\"true\" aria-invalid=\"false\" placeholder=\"Va\u0161e zpr\u00e1va\" name=\"message-138\"><\/textarea><\/span><span class=\"wpcf7-form-control-wrap\" data-name=\"acceptance-14\"><span class=\"wpcf7-form-control wpcf7-acceptance\"><span class=\"wpcf7-list-item\"><label><input type=\"checkbox\" name=\"acceptance-14\" value=\"1\" aria-invalid=\"false\" \/><span class=\"wpcf7-list-item-label\">Odesl\u00e1n\u00edm zpr\u00e1vy souhlas\u00edte se zpracov\u00e1n\u00edm osobn\u00edch \u00fadaj\u016f*<\/span><\/label><\/span><\/span><\/span><input class=\"wpcf7-form-control has-spinner wpcf7-submit\" type=\"submit\" value=\"Ode\u0161lete email\" \/>\n<\/p><div class=\"wpcf7-response-output\" aria-hidden=\"true\"><\/div>\n<\/form>\n<\/div>\n\t<\/div>\n\n\t\t\t<\/div>\n\t\t\t\t<\/div>\n\t\t\t\t\t<\/div>\n\t\t<\/div>\n\t\t\t\t\t\t\t<\/div>\n\t\t<\/section>\n\t\t\t\t\t<\/div>\n\t\t<\/div>\n\t\t\t\t\t\t\t<\/div>\n\t\t<\/section>\n\t\t\t\t\t\t\t<\/div>\n\t\t","protected":false},"excerpt":{"rendered":"<p>Kontakt na n\u00e1s L\u00edb\u00ed se V\u00e1m n\u00e1\u0161 produkt a chce se na n\u011bco zeptat? Va\u0161e ot\u00e1zky zodpov\u00ed Petr Ml\u010dek Obchodn\u00ed z\u00e1stupce Mobiln\u00ed kancel\u00e1\u0159e petr@mlcek.net +420 777 666 555 Fyzick\u00e1 osoba podnikaj\u00edc\u00ed dle \u017eivnostensk\u00e9ho z\u00e1kona nezapsan\u00e1 v obchodn\u00edm rejst\u0159\u00edku. Nejsem pl\u00e1tce DPH. I\u010c: 123456789 Zeptejte se. Odpov\u00edme do 24 hodin. Odesl\u00e1n\u00edm zpr\u00e1vy souhlas\u00edte se zpracov\u00e1n\u00edm osobn\u00edch [&hellip;]<\/p>\n","protected":false},"author":2,"featured_media":0,"parent":0,"menu_order":0,"comment_status":"closed","ping_status":"closed","template":"","meta":{"footnotes":""},"class_list":["post-172","page","type-page","status-publish","hentry"],"_links":{"self":[{"href":"https:\/\/mobilni-kancelar.cz\/index.php\/wp-json\/wp\/v2\/pages\/172","targetHints":{"allow":["GET"]}}],"collection":[{"href":"https:\/\/mobilni-kancelar.cz\/index.php\/wp-json\/wp\/v2\/pages"}],"about":[{"href":"https:\/\/mobilni-kancelar.cz\/index.php\/wp-json\/wp\/v2\/types\/page"}],"author":[{"embeddable":true,"href":"https:\/\/mobilni-kancelar.cz\/index.php\/wp-json\/wp\/v2\/users\/2"}],"replies":[{"embeddable":true,"href":"https:\/\/mobilni-kancelar.cz\/index.php\/wp-json\/wp\/v2\/comments?post=172"}],"version-history":[{"count":58,"href":"https:\/\/mobilni-kancelar.cz\/index.php\/wp-json\/wp\/v2\/pages\/172\/revisions"}],"predecessor-version":[{"id":13665,"href":"https:\/\/mobilni-kancelar.cz\/index.php\/wp-json\/wp\/v2\/pages\/172\/revisions\/13665"}],"wp:attachment":[{"href":"https:\/\/mobilni-kancelar.cz\/index.php\/wp-json\/wp\/v2\/media?parent=172"}],"curies":[{"name":"wp","href":"https:\/\/api.w.org\/{rel}","templated":true}]}}